{"id":3686,"date":"2017-12-13T11:54:48","date_gmt":"2017-12-13T11:54:48","guid":{"rendered":"http:\/\/www.immobiliarerm.it\/immobiliare-bergamo\/?page_id=3686"},"modified":"2018-02-20T11:01:09","modified_gmt":"2018-02-20T11:01:09","slug":"se-vendi","status":"publish","type":"page","link":"https:\/\/www.immobiliarerm.it\/immobiliare-bergamo\/se-vendi\/","title":{"rendered":"Se Vendi"},"content":{"rendered":"<p>[vc_row][vc_column width=&#8221;2\/3&#8243;][vc_column_text]<\/p>\n<h1 style=\"text-align: center;\"><span style=\"color: #f58634;\">LE TAPPE PER UNA RAPIDA E SERENA VENDITA<\/span><\/h1>\n<p><span style=\"color: #f58634;\"><strong>\u2022 VALUTAZIONE DELL\u2019IMMOBILE E DEFINIZIONE DEL PREZZO<\/strong><\/span><\/p>\n<p>Il mercato immobiliare \u00e8 stato oggetto di notevoli cambiamenti nel corso degli ultimi anni.<\/p>\n<p>Noi ci incarichiamo con professionalit\u00e0 della valutazione del Vostro immobile andandone a determinare il pi\u00f9 esatto valore di mercato. Le nostre valutazioni sono mirate a <strong>rendere il venditore consapevole del reale valore del bene che sta per mettere in vendita<\/strong> consentendogli di analizzare pienamente e in tutta serenit\u00e0 l\u2019opportunit\u00e0 di\u00a0 vendere il proprio immobile.<\/p>\n<p>Una <strong>corretta valutazione <\/strong>\u00e8 il principale fondamento sul quale impostare un serio e mirato lavoro volto alla vendita in tempi ragionevoli e alle corrette condizioni.<\/p>\n<p><span style=\"color: #f58634;\">\u2022 <\/span><strong><span style=\"color: #f58634;\">INCARICO DI VENDITA<\/span> <\/strong><\/p>\n<p>L\u2019incarico di vendita \u00e8 lo strumento principale che ci consente di poter garantire al venditore la totalit\u00e0 dei servizi che offriamo.<\/p>\n<p>Questo passaggio \u00e8 il secondo fondamento, dopo la valutazione, essenziale al raggiungimento dell\u2019obiettivo primario del venditore cio\u00e8 la vendita dell\u2019immobile ma anche l\u2019analisi delle problematiche e degli aspetti correlati alla vendita.<\/p>\n<p><span style=\"color: #f58634;\">\u2022 <strong>AFFIANCAMENTO<\/strong><\/span><\/p>\n<p>Affianchiamo il venditore a 360 gradi durate tutto il percorso di vendita, percorso che pu\u00f2 durare da un minimo di circa 2 mesi ad un massimo di un anno o pi\u00f9, periodo nel quale siamo sempre a disposizione per ogni necessit\u00e0 del venditore.<\/p>\n<p>Abbiamo visto che la valutazione e l\u2019incarico di vendita sono i primi due fondamenti per la gestione di un immobile in vendita, ne seguono molti altri per poter arrivare alla vendita con tranquillit\u00e0 e serenit\u00e0 come la possibilit\u00e0 di rivolgersi direttamente a tecnici messi da noi a disposizione per l\u2019espletamento di pratiche catastali, al supporto del Notaio, alla verifica della disponibilit\u00e0 delle conformit\u00e0 degli impianti sino alla redazione dell\u2019Attestato di Prestazione Energetica.<\/p>\n<p><strong><span style=\"color: #f58634;\">\u2022 LA PROPOSTA DI ACQUISTO\u00a0<\/span> <\/strong><\/p>\n<p>Trovato un potenziale acquirente, \u00e8 nostro compito affiancare il proprietario nell\u2019esaminare una proposta di acquisto. Questa analisi va fatta insieme a noi e spetta a proprietario la decisione che deve essere fatta analizzandone ogni aspetto al fine di fare una corretta e serena valutazione dell\u2019offerta; in questo il nostro ruolo \u00e8 quello di chiarire ogni aspetto della proposta di acquisto.<\/p>\n<p><strong><span style=\"color: #f58634;\">\u2022 IL PRELIMINARE<\/span> <\/strong><\/p>\n<p>Il contratto preliminare conclude la vendita.<\/p>\n<p>Noi predisponiamo il contratto preliminare per la compravendita in oggetto che verr\u00e0 poi da noi registrato nei tempi prestabiliti.<\/p>\n<p><span style=\"color: #f58634;\"><strong>\u2022 IL ROGITO NOTARILE<\/strong><\/span><\/p>\n<p>Siamo a disposizione del venditore in ogni momento sino al Rogito Notarile di compravendita, entro il quale \u00e8 necessario provvedere alla redazione dell\u2019Attestato di Prestazione Energetica.[\/vc_column_text][\/vc_column][vc_column width=&#8221;1\/3&#8243; css=&#8221;.vc_custom_1519123797274{background-color: #4a525d !important;}&#8221;]<div role=\"form\" class=\"wpcf7\" id=\"wpcf7-f3795-o1\" lang=\"it-IT\" dir=\"ltr\">\n<div class=\"screen-reader-response\"><p role=\"status\" aria-live=\"polite\" aria-atomic=\"true\"><\/p> <ul><\/ul><\/div>\n<form action=\"\/immobiliare-bergamo\/wp-json\/wp\/v2\/pages\/3686#wpcf7-f3795-o1\" method=\"post\" class=\"wpcf7-form init\" novalidate=\"novalidate\" data-status=\"init\">\n<div style=\"display: none;\">\n<input type=\"hidden\" name=\"_wpcf7\" value=\"3795\" \/>\n<input type=\"hidden\" name=\"_wpcf7_version\" value=\"5.3.1\" \/>\n<input type=\"hidden\" name=\"_wpcf7_locale\" value=\"it_IT\" \/>\n<input type=\"hidden\" name=\"_wpcf7_unit_tag\" value=\"wpcf7-f3795-o1\" \/>\n<input type=\"hidden\" name=\"_wpcf7_container_post\" value=\"0\" \/>\n<input type=\"hidden\" name=\"_wpcf7_posted_data_hash\" value=\"\" \/>\n<input type=\"hidden\" name=\"_wpcf7_recaptcha_response\" value=\"\" \/>\n<\/div>\n<h2 style=\"text-align:center;color:#ffffff;\">IL VALUTA CASA<\/h2>\n<p class=\"testo-form\">Parlaci della Tua casa inserendo  nel messaggio sottostante pi\u00f9 informazioni possibili per poterci aiutare a fare una prima valutazione gratuita dell\u2019immobile. La compilazione di questo form non \u00e8 in alcun modo vincolante. <\/p>\n<p><span class=\"etichetta-valuta\">Nome*:<\/span><span class=\"wpcf7-form-control-wrap nome\"><input type=\"text\" name=\"nome\" value=\"\" size=\"40\" class=\"wpcf7-form-control wpcf7-text wpcf7-validates-as-required\" aria-required=\"true\" aria-invalid=\"false\" \/><\/span><\/p>\n<p><span class=\"etichetta-valuta\">Cognome*:<\/span><span class=\"wpcf7-form-control-wrap cognome\"><input type=\"text\" name=\"cognome\" value=\"\" size=\"40\" class=\"wpcf7-form-control wpcf7-text wpcf7-validates-as-required\" aria-required=\"true\" aria-invalid=\"false\" \/><\/span><\/p>\n<p><span class=\"etichetta-valuta\">Email*:<\/span><span class=\"wpcf7-form-control-wrap email\"><input type=\"email\" name=\"email\" value=\"\" size=\"40\" class=\"wpcf7-form-control wpcf7-text wpcf7-email wpcf7-validates-as-required wpcf7-validates-as-email\" aria-required=\"true\" aria-invalid=\"false\" \/><\/span><\/p>\n<p><span class=\"etichetta-valuta\">Telefono*:<\/span><span class=\"wpcf7-form-control-wrap telefono\"><input type=\"tel\" name=\"telefono\" value=\"\" size=\"40\" class=\"wpcf7-form-control wpcf7-text wpcf7-tel wpcf7-validates-as-required wpcf7-validates-as-tel\" aria-required=\"true\" aria-invalid=\"false\" \/><\/span><\/p>\n<p><span class=\"etichetta-valuta-top\">Messaggio:<\/span><span class=\"campo-valuta\"><span class=\"wpcf7-form-control-wrap messaggio\"><textarea name=\"messaggio\" cols=\"40\" rows=\"10\" class=\"wpcf7-form-control wpcf7-textarea\" aria-invalid=\"false\"><\/textarea><\/span><\/span><\/p>\n<p><span class=\"etichetta-valuta-top\">Privacy<\/span><span class=\"campo-valuta-black2\"><span class=\"wpcf7-form-control-wrap privacy\"><textarea name=\"privacy\" cols=\"40\" rows=\"10\" class=\"wpcf7-form-control wpcf7-textarea\" readonly=\"readonly\" aria-invalid=\"false\">INFORMATIVA ai SENSI del DL 196 del 30\/06\/03 (TESTO UNICO SULLA PRIVACY) Vi informiamo che i dati raccolti con la registrazione del vostro nominativo o da noi reperiti tramite la consultazione di pubblici registri, elenchi o documenti conoscibili da chiunque, saranno utilizzati per finalit\u00e0 commerciali, promozionali e pubblicitarie, nonch\u00e8 per scopi gestionali e statistici. I dati personali sono da noi trattati in modo lecito, secondo correttezza e con la massima riservatezza. Sono registrati, organizzati e conservati in archivi informatici. Informiamo che \u00e8 diritto dellinteressato richiedere ed ottenere quanto previsto dallart. 13, qui allegato, della citata legge. Il titolare del trattamento \u00e8 RM Servizio immobiliare di Roberto Manzoni , via Trento n\u00b0 68 - 24035 CURNO (BG). Estratto della legge: Art. 13. (Diritti dellinteressato) In relazione al trattamento di dati personali linteressato ha diritto: a) di conoscere, mediante accesso gratuito al registro di cui allarticolo 31, comma 1, lettera a), lesistenza di trattamenti di dati che possono riguardarlo; b) di essere informato su quanto indicato allarticolo7, comma 4, lettere a), b) e h); c) di ottenere, a cura del titolare o del responsabile, senza ritardo: 1) la conferma dellesistenza o meno di dati personali che lo riguardano, anche se non ancora registrati, la comunicazione in forma intellegibile dei medesimi dati e della loro origine, nonch\u00e8 della logica e delle finalit\u00e0 su cui di basa il trattamento; la richiesta pu\u00f2 essere rinnovata, salva lesistenza di giustificati motivi, con intervallo non minore di novanta giorni; 2) la cancellazione, la trasformazione in forma anonima o il blocco dei dati trattati in violazione di legge, compresi quelli di cui non \u00e8 necessaria la conservazione in relazione agli scopi per i quali i dati sono stati raccolti o successivamente trattati; 3) laggiornamento, la rettificazione ovvero, qualora vi abbia interesse, lintegrazione dei dati; 4) lattestazione che le operazioni di cui ai numeri 2) e 3) sono state portate a conoscenza, anche per quanto riguarda il loro contenuto, di coloro ai quali i dati sono stati comunicati o diffusi, eccettuato il caso in cui tale adempimento si riveli impossibile o comporti un impiego di mezzi manifestamente sproporzionato rispetto al diritto tutelato; d) di opporsi, in tutto o in parte, per motivi legittimi, al trattamento dei dati personali che lo riguardano, ancorch\u00e8 pertinenti allo scopo della raccolta; e) di opporsi, in tutto o in parte, al trattamento di dati personali che lo riguardano, previsto a fini di informazione commerciale o di invio di materiale pubblicitario o di vendita diretta ovvero per il compimento di ricerche di mercato o di comunicazione commerciale interattiva e di essere informato dal titolare, non oltre il momento in cui i dati sono comunicati o diffusi, della possibilit\u00e0 di esercitare gratuitamente tale diritto. Per ciascuna richiesta di cui al comma 1, lettera c), numero 1), pu\u00f2 essere chiesto allinteressato, ove non risulti confermata lesistenza di dati che lo riguardano, un contributo spese, non superiore ai costi effettivamente sopportati, secondo le modalit\u00e0 ed entro i limiti stabiliti da regolamento di cui allarticolo 33, comma3. I diritti di cui al comma 1 riferiti ai dati personali concernenti persone decedute possono essere esercitati da chiunque vi abbia interesse. Nellesercizio dei diritti di cui al comma 1 linteressato pu\u00f2 conferire, per iscritto, delega o procura a persone fisiche o ad associazioni. Restano ferme le norme sul segreto professionale degli esercenti la professione di giornalista, limitatamente alla fonte della notizia.<\/textarea><\/span><\/span><\/p>\n<p><span class=\"etichetta-valuta\"><\/span><span class=\"campo-valuta\">Esprimo il consenso al trattamento dei miei dati personali*:<span class=\"wpcf7-form-control-wrap accprivacy\"><span class=\"wpcf7-form-control wpcf7-acceptance\"><span class=\"wpcf7-list-item\"><input type=\"checkbox\" name=\"accprivacy\" value=\"1\" aria-invalid=\"false\" checked=\"checked\" \/><\/span><\/span><\/span><\/span><\/p>\n\n<p><input type=\"submit\" value=\"Invia\" class=\"wpcf7-form-control wpcf7-submit\" \/><\/p>\n<div class=\"wpcf7-response-output\" aria-hidden=\"true\"><\/div><\/form><\/div>[\/vc_column][\/vc_row]<\/p>\n","protected":false},"excerpt":{"rendered":"<p>[vc_row][vc_column width=&#8221;2\/3&#8243;][vc_column_text] LE TAPPE PER UNA RAPIDA E SERENA VENDITA \u2022 VALUTAZIONE DELL\u2019IMMOBILE E DEFINIZIONE DEL PREZZO Il mercato immobiliare \u00e8 stato oggetto di notevoli cambiamenti nel corso degli ultimi anni. Noi ci incarichiamo con professionalit\u00e0 della valutazione del Vostro immobile andandone a determinare il pi\u00f9 esatto valore di mercato. Le nostre valutazioni sono mirate [&hellip;]<\/p>\n","protected":false},"author":1,"featured_media":0,"parent":0,"menu_order":24,"comment_status":"closed","ping_status":"closed","template":"page-templates\/full-width.php","meta":[],"yoast_head":"<!-- This site is optimized with the Yoast SEO plugin v15.5 - https:\/\/yoast.com\/wordpress\/plugins\/seo\/ -->\n<title>Se Vendi - Agenzia Immobiliare Bergamo RM<\/title>\n<meta name=\"robots\" content=\"index, follow, max-snippet:-1, max-image-preview:large, max-video-preview:-1\" \/>\n<link rel=\"canonical\" href=\"https:\/\/www.immobiliarerm.it\/immobiliare-bergamo\/se-vendi\/\" \/>\n<meta property=\"og:locale\" content=\"it_IT\" \/>\n<meta property=\"og:type\" content=\"article\" \/>\n<meta property=\"og:title\" content=\"Se Vendi - Agenzia Immobiliare Bergamo RM\" \/>\n<meta property=\"og:description\" content=\"[vc_row][vc_column width=&#8221;2\/3&#8243;][vc_column_text] LE TAPPE PER UNA RAPIDA E SERENA VENDITA \u2022 VALUTAZIONE DELL\u2019IMMOBILE E DEFINIZIONE DEL PREZZO Il mercato immobiliare \u00e8 stato oggetto di notevoli cambiamenti nel corso degli ultimi anni. Noi ci incarichiamo con professionalit\u00e0 della valutazione del Vostro immobile andandone a determinare il pi\u00f9 esatto valore di mercato. Le nostre valutazioni sono mirate [&hellip;]\" \/>\n<meta property=\"og:url\" content=\"https:\/\/www.immobiliarerm.it\/immobiliare-bergamo\/se-vendi\/\" \/>\n<meta property=\"og:site_name\" content=\"Agenzia Immobiliare Bergamo RM\" \/>\n<meta property=\"article:publisher\" content=\"https:\/\/www.facebook.com\/rmservizioimmobiliare\/\" \/>\n<meta property=\"article:modified_time\" content=\"2018-02-20T11:01:09+00:00\" \/>\n<meta name=\"twitter:card\" content=\"summary_large_image\" \/>\n<meta name=\"twitter:label1\" content=\"Tempo di lettura stimato\">\n\t<meta name=\"twitter:data1\" content=\"2 minuti\">\n<script type=\"application\/ld+json\" class=\"yoast-schema-graph\">{\"@context\":\"https:\/\/schema.org\",\"@graph\":[{\"@type\":\"WebSite\",\"@id\":\"https:\/\/www.immobiliarerm.it\/immobiliare-bergamo\/#website\",\"url\":\"https:\/\/www.immobiliarerm.it\/immobiliare-bergamo\/\",\"name\":\"Agenzia Immobiliare Bergamo RM\",\"description\":\"\",\"potentialAction\":[{\"@type\":\"SearchAction\",\"target\":\"https:\/\/www.immobiliarerm.it\/immobiliare-bergamo\/?s={search_term_string}\",\"query-input\":\"required name=search_term_string\"}],\"inLanguage\":\"it-IT\"},{\"@type\":\"WebPage\",\"@id\":\"https:\/\/www.immobiliarerm.it\/immobiliare-bergamo\/se-vendi\/#webpage\",\"url\":\"https:\/\/www.immobiliarerm.it\/immobiliare-bergamo\/se-vendi\/\",\"name\":\"Se Vendi - Agenzia Immobiliare Bergamo RM\",\"isPartOf\":{\"@id\":\"https:\/\/www.immobiliarerm.it\/immobiliare-bergamo\/#website\"},\"datePublished\":\"2017-12-13T11:54:48+00:00\",\"dateModified\":\"2018-02-20T11:01:09+00:00\",\"inLanguage\":\"it-IT\",\"potentialAction\":[{\"@type\":\"ReadAction\",\"target\":[\"https:\/\/www.immobiliarerm.it\/immobiliare-bergamo\/se-vendi\/\"]}]}]}<\/script>\n<!-- \/ Yoast SEO plugin. -->","_links":{"self":[{"href":"https:\/\/www.immobiliarerm.it\/immobiliare-bergamo\/wp-json\/wp\/v2\/pages\/3686"}],"collection":[{"href":"https:\/\/www.immobiliarerm.it\/immobiliare-bergamo\/wp-json\/wp\/v2\/pages"}],"about":[{"href":"https:\/\/www.immobiliarerm.it\/immobiliare-bergamo\/wp-json\/wp\/v2\/types\/page"}],"author":[{"embeddable":true,"href":"https:\/\/www.immobiliarerm.it\/immobiliare-bergamo\/wp-json\/wp\/v2\/users\/1"}],"replies":[{"embeddable":true,"href":"https:\/\/www.immobiliarerm.it\/immobiliare-bergamo\/wp-json\/wp\/v2\/comments?post=3686"}],"version-history":[{"count":0,"href":"https:\/\/www.immobiliarerm.it\/immobiliare-bergamo\/wp-json\/wp\/v2\/pages\/3686\/revisions"}],"wp:attachment":[{"href":"https:\/\/www.immobiliarerm.it\/immobiliare-bergamo\/wp-json\/wp\/v2\/media?parent=3686"}],"curies":[{"name":"wp","href":"https:\/\/api.w.org\/{rel}","templated":true}]}}